

{"id":4762,"date":"2021-09-16T16:31:42","date_gmt":"2021-09-16T15:31:42","guid":{"rendered":"https:\/\/www.domainedesamadieu.com\/?post_type=product&#038;p=4762"},"modified":"2025-12-04T17:38:52","modified_gmt":"2025-12-04T16:38:52","slug":"cairanne-haut-de-beauregard-rouge-2022","status":"publish","type":"product","link":"https:\/\/www.domainedesamadieu.com\/index.php\/produit\/cairanne-haut-de-beauregard-rouge-2022\/","title":{"rendered":"CAIRANNE HAUT DE BEAUREGARD ROUGE 2022"},"content":{"rendered":"<p>Assemblage de Grenache, Syrah par saign\u00e9e et pressurage direct<br \/>\nVin certifi\u00e9 Agriculture Biologique (ECOCERT)<br \/>\nVin certifi\u00e9 Biodynamie (DEMETER)<br \/>\nSa robe est brillante avec des reflets mordor\u00e9s.<br \/>\nLe nez est fruit\u00e9 s\u2019ouvrant sur des notes de framboise et d\u2019agrumes.<br \/>\nLa bouche est gourmande prolong\u00e9e par une belle fra\u00eecheur.<br \/>\nL\u2019ensemble est structur\u00e9 et persistant sur la longueur.<br \/>\nIl est le compagnon id\u00e9al de vos grillades, barbecue et autres ap\u00e9ritifs estivaux.<\/p>\n","protected":false},"excerpt":{"rendered":"<ul>\n<li>Nous \u00e9levons une partie de nos meilleurs vins en f\u00fbts pendant plus d&rsquo;un an pour \u00e9laborer cette cuv\u00e9e. Les ar\u00f4mes et les tannins subtils des raisins cultiv\u00e9s en Biodynamie se marient harmonieusement avec ceux du ch\u00eane fran\u00e7ais.<\/li>\n<li>Vous d\u00e9couvrirez une structure puissante aux tannins velout\u00e9s.<\/li>\n<li>Ce vin, servi entre 16 et 18\u00b0C, accompagne parfaitement viandes en sauce et recettes gourmandes et festives. Potentiel de garde 10 ans.<\/li>\n<\/ul>\n<p>&nbsp;<\/p>\n<p><strong><a class=\"link-fiche-technique\" href=\"https:\/\/www.domainedesamadieu.com\/wp-content\/uploads\/2024\/10\/HB22.pdf\" target=\"_blank\" rel=\"noopener\">T\u00e9l\u00e9charger la fiche produit \/ <em>Download technical sheet<\/em><\/a><\/strong><\/p>\n","protected":false},"featured_media":5662,"template":"","meta":{"inline_featured_image":false},"product_brand":[],"product_cat":[40,38],"product_tag":[60,65],"class_list":{"0":"post-4762","1":"product","2":"type-product","3":"status-publish","4":"has-post-thumbnail","6":"product_cat-cairanne-vin","7":"product_cat-vins","8":"product_tag-cairanne","9":"product_tag-rouge","11":"first","12":"outofstock","13":"taxable","14":"shipping-taxable","15":"purchasable","16":"product-type-simple"},"yoast_head":"<!-- This site is optimized with the Yoast SEO plugin v27.5 - https:\/\/yoast.com\/product\/yoast-seo-wordpress\/ -->\n<title>CAIRANNE HAUT DE BEAUREGARD ROUGE 2022 | Domaine des Amadieu<\/title>\n<meta name=\"robots\" content=\"index, follow, max-snippet:-1, max-image-preview:large, max-video-preview:-1\" \/>\n<link rel=\"canonical\" href=\"https:\/\/www.domainedesamadieu.com\/index.php\/produit\/cairanne-haut-de-beauregard-rouge-2022\/\" \/>\n<meta property=\"og:locale\" content=\"fr_FR\" \/>\n<meta property=\"og:type\" content=\"article\" \/>\n<meta property=\"og:title\" content=\"CAIRANNE HAUT DE BEAUREGARD ROUGE 2022 | Domaine des Amadieu\" \/>\n<meta property=\"og:description\" content=\"Nous \u00e9levons une partie de nos meilleurs vins en f\u00fbts pendant plus d&#039;un an pour \u00e9laborer cette cuv\u00e9e. Les ar\u00f4mes et les tannins subtils des raisins cultiv\u00e9s en Biodynamie se marient harmonieusement avec ceux du ch\u00eane fran\u00e7ais.  Vous d\u00e9couvrirez une structure puissante aux tannins velout\u00e9s.  Ce vin, servi entre 16 et 18\u00b0C, accompagne parfaitement viandes en sauce et recettes gourmandes et festives. Potentiel de garde 10 ans.  &nbsp;  T\u00e9l\u00e9charger la fiche produit \/ Download technical sheet\" \/>\n<meta property=\"og:url\" content=\"https:\/\/www.domainedesamadieu.com\/index.php\/produit\/cairanne-haut-de-beauregard-rouge-2022\/\" \/>\n<meta property=\"og:site_name\" content=\"Domaine des Amadieu\" \/>\n<meta property=\"article:publisher\" content=\"https:\/\/www.facebook.com\/domainedesamadieu\/\" \/>\n<meta property=\"article:modified_time\" content=\"2025-12-04T16:38:52+00:00\" \/>\n<meta property=\"og:image\" content=\"https:\/\/www.domainedesamadieu.com\/wp-content\/uploads\/2021\/09\/haut-de-beauregard-rouge-sans-fond-e1692020784416.png\" \/>\n\t<meta property=\"og:image:width\" content=\"500\" \/>\n\t<meta property=\"og:image:height\" content=\"497\" \/>\n\t<meta property=\"og:image:type\" content=\"image\/png\" \/>\n<meta name=\"twitter:card\" content=\"summary_large_image\" \/>\n<meta name=\"twitter:label1\" content=\"Dur\u00e9e de lecture estim\u00e9e\" \/>\n\t<meta name=\"twitter:data1\" content=\"1 minute\" \/>\n<script type=\"application\/ld+json\" class=\"yoast-schema-graph\">{\"@context\":\"https:\\\/\\\/schema.org\",\"@graph\":[{\"@type\":\"WebPage\",\"@id\":\"https:\\\/\\\/www.domainedesamadieu.com\\\/index.php\\\/produit\\\/cairanne-haut-de-beauregard-rouge-2022\\\/\",\"url\":\"https:\\\/\\\/www.domainedesamadieu.com\\\/index.php\\\/produit\\\/cairanne-haut-de-beauregard-rouge-2022\\\/\",\"name\":\"CAIRANNE HAUT DE BEAUREGARD ROUGE 2022 | Domaine des Amadieu\",\"isPartOf\":{\"@id\":\"https:\\\/\\\/www.domainedesamadieu.com\\\/#website\"},\"primaryImageOfPage\":{\"@id\":\"https:\\\/\\\/www.domainedesamadieu.com\\\/index.php\\\/produit\\\/cairanne-haut-de-beauregard-rouge-2022\\\/#primaryimage\"},\"image\":{\"@id\":\"https:\\\/\\\/www.domainedesamadieu.com\\\/index.php\\\/produit\\\/cairanne-haut-de-beauregard-rouge-2022\\\/#primaryimage\"},\"thumbnailUrl\":\"https:\\\/\\\/www.domainedesamadieu.com\\\/wp-content\\\/uploads\\\/2021\\\/09\\\/haut-de-beauregard-rouge-sans-fond-e1692020784416.png\",\"datePublished\":\"2021-09-16T15:31:42+00:00\",\"dateModified\":\"2025-12-04T16:38:52+00:00\",\"breadcrumb\":{\"@id\":\"https:\\\/\\\/www.domainedesamadieu.com\\\/index.php\\\/produit\\\/cairanne-haut-de-beauregard-rouge-2022\\\/#breadcrumb\"},\"inLanguage\":\"fr-FR\",\"potentialAction\":[{\"@type\":\"ReadAction\",\"target\":[\"https:\\\/\\\/www.domainedesamadieu.com\\\/index.php\\\/produit\\\/cairanne-haut-de-beauregard-rouge-2022\\\/\"]}]},{\"@type\":\"ImageObject\",\"inLanguage\":\"fr-FR\",\"@id\":\"https:\\\/\\\/www.domainedesamadieu.com\\\/index.php\\\/produit\\\/cairanne-haut-de-beauregard-rouge-2022\\\/#primaryimage\",\"url\":\"https:\\\/\\\/www.domainedesamadieu.com\\\/wp-content\\\/uploads\\\/2021\\\/09\\\/haut-de-beauregard-rouge-sans-fond-e1692020784416.png\",\"contentUrl\":\"https:\\\/\\\/www.domainedesamadieu.com\\\/wp-content\\\/uploads\\\/2021\\\/09\\\/haut-de-beauregard-rouge-sans-fond-e1692020784416.png\",\"width\":500,\"height\":497},{\"@type\":\"BreadcrumbList\",\"@id\":\"https:\\\/\\\/www.domainedesamadieu.com\\\/index.php\\\/produit\\\/cairanne-haut-de-beauregard-rouge-2022\\\/#breadcrumb\",\"itemListElement\":[{\"@type\":\"ListItem\",\"position\":1,\"name\":\"Accueil\",\"item\":\"https:\\\/\\\/www.domainedesamadieu.com\\\/\"},{\"@type\":\"ListItem\",\"position\":2,\"name\":\"NOS VINS\",\"item\":\"https:\\\/\\\/www.domainedesamadieu.com\\\/\"},{\"@type\":\"ListItem\",\"position\":3,\"name\":\"CAIRANNE HAUT DE BEAUREGARD ROUGE 2022\"}]},{\"@type\":\"WebSite\",\"@id\":\"https:\\\/\\\/www.domainedesamadieu.com\\\/#website\",\"url\":\"https:\\\/\\\/www.domainedesamadieu.com\\\/\",\"name\":\"Domaine des Amadieu\",\"description\":\"Vins de Cairanne et Rasteau en Biodynamie\",\"publisher\":{\"@id\":\"https:\\\/\\\/www.domainedesamadieu.com\\\/#organization\"},\"potentialAction\":[{\"@type\":\"SearchAction\",\"target\":{\"@type\":\"EntryPoint\",\"urlTemplate\":\"https:\\\/\\\/www.domainedesamadieu.com\\\/?s={search_term_string}\"},\"query-input\":{\"@type\":\"PropertyValueSpecification\",\"valueRequired\":true,\"valueName\":\"search_term_string\"}}],\"inLanguage\":\"fr-FR\"},{\"@type\":\"Organization\",\"@id\":\"https:\\\/\\\/www.domainedesamadieu.com\\\/#organization\",\"name\":\"Domaine des Amadieu\",\"url\":\"https:\\\/\\\/www.domainedesamadieu.com\\\/\",\"logo\":{\"@type\":\"ImageObject\",\"inLanguage\":\"fr-FR\",\"@id\":\"https:\\\/\\\/www.domainedesamadieu.com\\\/#\\\/schema\\\/logo\\\/image\\\/\",\"url\":\"https:\\\/\\\/www.domainedesamadieu.com\\\/wp-content\\\/uploads\\\/2019\\\/04\\\/logo-AMADIEU-2018.jpg\",\"contentUrl\":\"https:\\\/\\\/www.domainedesamadieu.com\\\/wp-content\\\/uploads\\\/2019\\\/04\\\/logo-AMADIEU-2018.jpg\",\"width\":449,\"height\":272,\"caption\":\"Domaine des Amadieu\"},\"image\":{\"@id\":\"https:\\\/\\\/www.domainedesamadieu.com\\\/#\\\/schema\\\/logo\\\/image\\\/\"},\"sameAs\":[\"https:\\\/\\\/www.facebook.com\\\/domainedesamadieu\\\/\"]}]}<\/script>\n<!-- \/ Yoast SEO plugin. -->","yoast_head_json":{"title":"CAIRANNE HAUT DE BEAUREGARD ROUGE 2022 | Domaine des Amadieu","robots":{"index":"index","follow":"follow","max-snippet":"max-snippet:-1","max-image-preview":"max-image-preview:large","max-video-preview":"max-video-preview:-1"},"canonical":"https:\/\/www.domainedesamadieu.com\/index.php\/produit\/cairanne-haut-de-beauregard-rouge-2022\/","og_locale":"fr_FR","og_type":"article","og_title":"CAIRANNE HAUT DE BEAUREGARD ROUGE 2022 | Domaine des Amadieu","og_description":"Nous \u00e9levons une partie de nos meilleurs vins en f\u00fbts pendant plus d'un an pour \u00e9laborer cette cuv\u00e9e. Les ar\u00f4mes et les tannins subtils des raisins cultiv\u00e9s en Biodynamie se marient harmonieusement avec ceux du ch\u00eane fran\u00e7ais.  Vous d\u00e9couvrirez une structure puissante aux tannins velout\u00e9s.  Ce vin, servi entre 16 et 18\u00b0C, accompagne parfaitement viandes en sauce et recettes gourmandes et festives. Potentiel de garde 10 ans.  &nbsp;  T\u00e9l\u00e9charger la fiche produit \/ Download technical sheet","og_url":"https:\/\/www.domainedesamadieu.com\/index.php\/produit\/cairanne-haut-de-beauregard-rouge-2022\/","og_site_name":"Domaine des Amadieu","article_publisher":"https:\/\/www.facebook.com\/domainedesamadieu\/","article_modified_time":"2025-12-04T16:38:52+00:00","og_image":[{"width":500,"height":497,"url":"https:\/\/www.domainedesamadieu.com\/wp-content\/uploads\/2021\/09\/haut-de-beauregard-rouge-sans-fond-e1692020784416.png","type":"image\/png"}],"twitter_card":"summary_large_image","twitter_misc":{"Dur\u00e9e de lecture estim\u00e9e":"1 minute"},"schema":{"@context":"https:\/\/schema.org","@graph":[{"@type":"WebPage","@id":"https:\/\/www.domainedesamadieu.com\/index.php\/produit\/cairanne-haut-de-beauregard-rouge-2022\/","url":"https:\/\/www.domainedesamadieu.com\/index.php\/produit\/cairanne-haut-de-beauregard-rouge-2022\/","name":"CAIRANNE HAUT DE BEAUREGARD ROUGE 2022 | Domaine des Amadieu","isPartOf":{"@id":"https:\/\/www.domainedesamadieu.com\/#website"},"primaryImageOfPage":{"@id":"https:\/\/www.domainedesamadieu.com\/index.php\/produit\/cairanne-haut-de-beauregard-rouge-2022\/#primaryimage"},"image":{"@id":"https:\/\/www.domainedesamadieu.com\/index.php\/produit\/cairanne-haut-de-beauregard-rouge-2022\/#primaryimage"},"thumbnailUrl":"https:\/\/www.domainedesamadieu.com\/wp-content\/uploads\/2021\/09\/haut-de-beauregard-rouge-sans-fond-e1692020784416.png","datePublished":"2021-09-16T15:31:42+00:00","dateModified":"2025-12-04T16:38:52+00:00","breadcrumb":{"@id":"https:\/\/www.domainedesamadieu.com\/index.php\/produit\/cairanne-haut-de-beauregard-rouge-2022\/#breadcrumb"},"inLanguage":"fr-FR","potentialAction":[{"@type":"ReadAction","target":["https:\/\/www.domainedesamadieu.com\/index.php\/produit\/cairanne-haut-de-beauregard-rouge-2022\/"]}]},{"@type":"ImageObject","inLanguage":"fr-FR","@id":"https:\/\/www.domainedesamadieu.com\/index.php\/produit\/cairanne-haut-de-beauregard-rouge-2022\/#primaryimage","url":"https:\/\/www.domainedesamadieu.com\/wp-content\/uploads\/2021\/09\/haut-de-beauregard-rouge-sans-fond-e1692020784416.png","contentUrl":"https:\/\/www.domainedesamadieu.com\/wp-content\/uploads\/2021\/09\/haut-de-beauregard-rouge-sans-fond-e1692020784416.png","width":500,"height":497},{"@type":"BreadcrumbList","@id":"https:\/\/www.domainedesamadieu.com\/index.php\/produit\/cairanne-haut-de-beauregard-rouge-2022\/#breadcrumb","itemListElement":[{"@type":"ListItem","position":1,"name":"Accueil","item":"https:\/\/www.domainedesamadieu.com\/"},{"@type":"ListItem","position":2,"name":"NOS VINS","item":"https:\/\/www.domainedesamadieu.com\/"},{"@type":"ListItem","position":3,"name":"CAIRANNE HAUT DE BEAUREGARD ROUGE 2022"}]},{"@type":"WebSite","@id":"https:\/\/www.domainedesamadieu.com\/#website","url":"https:\/\/www.domainedesamadieu.com\/","name":"Domaine des Amadieu","description":"Vins de Cairanne et Rasteau en Biodynamie","publisher":{"@id":"https:\/\/www.domainedesamadieu.com\/#organization"},"potentialAction":[{"@type":"SearchAction","target":{"@type":"EntryPoint","urlTemplate":"https:\/\/www.domainedesamadieu.com\/?s={search_term_string}"},"query-input":{"@type":"PropertyValueSpecification","valueRequired":true,"valueName":"search_term_string"}}],"inLanguage":"fr-FR"},{"@type":"Organization","@id":"https:\/\/www.domainedesamadieu.com\/#organization","name":"Domaine des Amadieu","url":"https:\/\/www.domainedesamadieu.com\/","logo":{"@type":"ImageObject","inLanguage":"fr-FR","@id":"https:\/\/www.domainedesamadieu.com\/#\/schema\/logo\/image\/","url":"https:\/\/www.domainedesamadieu.com\/wp-content\/uploads\/2019\/04\/logo-AMADIEU-2018.jpg","contentUrl":"https:\/\/www.domainedesamadieu.com\/wp-content\/uploads\/2019\/04\/logo-AMADIEU-2018.jpg","width":449,"height":272,"caption":"Domaine des Amadieu"},"image":{"@id":"https:\/\/www.domainedesamadieu.com\/#\/schema\/logo\/image\/"},"sameAs":["https:\/\/www.facebook.com\/domainedesamadieu\/"]}]}},"_links":{"self":[{"href":"https:\/\/www.domainedesamadieu.com\/index.php\/wp-json\/wp\/v2\/product\/4762","targetHints":{"allow":["GET"]}}],"collection":[{"href":"https:\/\/www.domainedesamadieu.com\/index.php\/wp-json\/wp\/v2\/product"}],"about":[{"href":"https:\/\/www.domainedesamadieu.com\/index.php\/wp-json\/wp\/v2\/types\/product"}],"version-history":[{"count":4,"href":"https:\/\/www.domainedesamadieu.com\/index.php\/wp-json\/wp\/v2\/product\/4762\/revisions"}],"predecessor-version":[{"id":7804,"href":"https:\/\/www.domainedesamadieu.com\/index.php\/wp-json\/wp\/v2\/product\/4762\/revisions\/7804"}],"wp:featuredmedia":[{"embeddable":true,"href":"https:\/\/www.domainedesamadieu.com\/index.php\/wp-json\/wp\/v2\/media\/5662"}],"wp:attachment":[{"href":"https:\/\/www.domainedesamadieu.com\/index.php\/wp-json\/wp\/v2\/media?parent=4762"}],"wp:term":[{"taxonomy":"product_brand","embeddable":true,"href":"https:\/\/www.domainedesamadieu.com\/index.php\/wp-json\/wp\/v2\/product_brand?post=4762"},{"taxonomy":"product_cat","embeddable":true,"href":"https:\/\/www.domainedesamadieu.com\/index.php\/wp-json\/wp\/v2\/product_cat?post=4762"},{"taxonomy":"product_tag","embeddable":true,"href":"https:\/\/www.domainedesamadieu.com\/index.php\/wp-json\/wp\/v2\/product_tag?post=4762"}],"curies":[{"name":"wp","href":"https:\/\/api.w.org\/{rel}","templated":true}]}}